{"id":127,"date":"2014-09-18T07:26:35","date_gmt":"2014-09-18T07:26:35","guid":{"rendered":"http:\/\/www.geraldinebertram.com\/?page_id=127"},"modified":"2018-08-14T10:22:43","modified_gmt":"2018-08-14T10:22:43","slug":"uber-mich","status":"publish","type":"page","link":"https:\/\/www.geraldinebertram.com\/?page_id=127","title":{"rendered":"\u00dcber mich | Fotografin Geraldine Bertram"},"content":{"rendered":"<div class=\"ezcol ezcol-one-third\">\n<p><img loading=\"lazy\" class=\"alignnone wp-image-1633\" src=\"http:\/\/www.geraldinebertram.com\/wp-content\/uploads\/2014\/09\/10-127-page\/Ge-1-KO8A0984.jpg\" alt=\"ge-1-ko8a0984\" width=\"208\" height=\"312\" srcset=\"https:\/\/www.geraldinebertram.com\/wp-content\/uploads\/2014\/09\/10-127-page\/Ge-1-KO8A0984.jpg 2512w, https:\/\/www.geraldinebertram.com\/wp-content\/uploads\/2014\/09\/10-127-page\/Ge-1-KO8A0984-199x300.jpg 199w, https:\/\/www.geraldinebertram.com\/wp-content\/uploads\/2014\/09\/10-127-page\/Ge-1-KO8A0984-682x1024.jpg 682w\" sizes=\"(max-width: 208px) 100vw, 208px\" \/><\/div> <div class=\"ezcol ezcol-two-third ezcol-last\">\n<p style=\"text-align: justify;\"><strong>Nehmen Sie sich einen Moment Zeit, erleben Sie meine Fotos.<\/strong><\/p>\n<p style=\"text-align: justify;\"><strong>In seiner ganzheitlichen Sch\u00f6nheit, \u00c4sthetik, Nat\u00fcrlichkeit, Charakter und Stil.<\/strong><\/p>\n<p style=\"text-align: justify;\"><strong>Besondere Momente, Lebensfreude durch das Fenster zur Erinnerung.<\/strong><\/p>\n<p style=\"text-align: justify;\"><strong>F\u00fcr immer festgehalten. \u00a0 \u00a0 \u00a0 \u00a0\u00a9 GB<\/strong><\/p>\n<p style=\"text-align: justify;\">Mein Name ist G\u00e9raldine Bertram, French Portrait Photographer mit Schwerpunkt auf Neugeborene, Schwangerschaft, Kinder- und Familienfotografie.<\/p>\n<p style=\"text-align: justify;\">Fotografie war schon immer meine geheime Leidenschaft bis ich entschied diese auf eine professionelle Grundlage zu stellen. Zur\u00fcck in Frankreich absolvierte ich dann die Pr\u00fcfung (CAP)* zur professionellen Fotografin bei dem renommierten Institut ETPA**.<\/p>\n<p style=\"text-align: justify;\">Ich liebe es, Vorfreude, wundersch\u00f6ne Momente mitzuerleben und zu teilen. Jede neue Situation und jede neue Begegnung sind auch eine neue fotografische Herausforderung \u00fcber die ich mich immer wieder freue.<\/p>\n<p style=\"text-align: justify;\">Um zauberhafte, liebevolle Bilder in nat\u00fcrlicher, entspannter und famili\u00e4rer Atmosph\u00e4re zu gestalten nehme ich mir genug Zeit mit Herz, Leidenschaft. Sie bekommen wundersch\u00f6ne Momentaufnahmen, die Sie ein Leben lang begleiten werden.<\/p>\n<p style=\"text-align: justify;\">&#8230;<\/p>\n<p style=\"text-align: justify;\">Und noch ein bisschen mehr \u00fcber mich: ich liebe Architektur, Natur, Musik, Sch\u00f6nheit und \u00c4sthetik. In Jedem steckt \u00fcbrigens eine Sch\u00f6nheit in sich.<\/p>\n<p style=\"text-align: justify;\">Auf die vier Jahreszeiten kann ich nicht verzichten, der Wechsel der Farben, der Emotionen und des Lichts ziehen mich einfach magisch an und inspirieren meine Fotografie.<\/p>\n<p style=\"text-align: justify;\">Ich liebe und lebe einfach den Moment, l\u00b4instant pr\u00e9sent <strong>\u2665<\/strong><\/p>\n<p style=\"text-align: justify;\">* \u00a0Certificat d\u00b4Aptitude Professionnelle<br \/>\n**Ecole superieure de photographie et de game design Toulouse<\/p>\n<p style=\"text-align: justify;\"><\/div><div class=\"ezcol-divider\"><\/div><\/p>\n<p style=\"text-align: justify;\">\n","protected":false},"excerpt":{"rendered":"","protected":false},"author":1,"featured_media":0,"parent":0,"menu_order":0,"comment_status":"open","ping_status":"open","template":"","meta":[],"_links":{"self":[{"href":"https:\/\/www.geraldinebertram.com\/index.php?rest_route=\/wp\/v2\/pages\/127"}],"collection":[{"href":"https:\/\/www.geraldinebertram.com\/index.php?rest_route=\/wp\/v2\/pages"}],"about":[{"href":"https:\/\/www.geraldinebertram.com\/index.php?rest_route=\/wp\/v2\/types\/page"}],"author":[{"embeddable":true,"href":"https:\/\/www.geraldinebertram.com\/index.php?rest_route=\/wp\/v2\/users\/1"}],"replies":[{"embeddable":true,"href":"https:\/\/www.geraldinebertram.com\/index.php?rest_route=%2Fwp%2Fv2%2Fcomments&post=127"}],"version-history":[{"count":42,"href":"https:\/\/www.geraldinebertram.com\/index.php?rest_route=\/wp\/v2\/pages\/127\/revisions"}],"predecessor-version":[{"id":2012,"href":"https:\/\/www.geraldinebertram.com\/index.php?rest_route=\/wp\/v2\/pages\/127\/revisions\/2012"}],"wp:attachment":[{"href":"https:\/\/www.geraldinebertram.com\/index.php?rest_route=%2Fwp%2Fv2%2Fmedia&parent=127"}],"curies":[{"name":"wp","href":"https:\/\/api.w.org\/{rel}","templated":true}]}}