{"id":190,"date":"2014-09-20T18:30:10","date_gmt":"2014-09-20T18:30:10","guid":{"rendered":"http:\/\/www.geraldinebertram.com\/?page_id=190"},"modified":"2016-11-10T19:55:22","modified_gmt":"2016-11-10T19:55:22","slug":"espace-shooting-studioby","status":"publish","type":"page","link":"https:\/\/www.geraldinebertram.com\/?page_id=190","title":{"rendered":"L\u00b4espace shooting &#8211; STUDIO BY *"},"content":{"rendered":"<div id=\"cc-m-7213666593\" class=\"n j-header\">\n<h2 id=\"cc-m-header-7213666593\" class=\"\" style=\"text-align: center;\"><span style=\"color: #998c6d;\"><img loading=\"lazy\" class=\"size-full wp-image-221 alignleft\" src=\"http:\/\/www.geraldinebertram.com\/wp-content\/uploads\/2014\/09\/20-190-page\/image-1.jpg\" alt=\"image-1\" width=\"210\" height=\"210\" srcset=\"https:\/\/www.geraldinebertram.com\/wp-content\/uploads\/2014\/09\/20-190-page\/image-1.jpg 210w, https:\/\/www.geraldinebertram.com\/wp-content\/uploads\/2014\/09\/20-190-page\/image-1-150x150.jpg 150w\" sizes=\"(max-width: 210px) 100vw, 210px\" \/> <img loading=\"lazy\" class=\"size-full wp-image-220 alignleft\" src=\"http:\/\/www.geraldinebertram.com\/wp-content\/uploads\/2014\/09\/20-190-page\/image-2.jpg\" alt=\"image-2\" width=\"210\" height=\"210\" srcset=\"https:\/\/www.geraldinebertram.com\/wp-content\/uploads\/2014\/09\/20-190-page\/image-2.jpg 210w, https:\/\/www.geraldinebertram.com\/wp-content\/uploads\/2014\/09\/20-190-page\/image-2-150x150.jpg 150w\" sizes=\"(max-width: 210px) 100vw, 210px\" \/><\/span><\/h2>\n<\/div>\n<div class=\"n j-text\" style=\"text-align: center;\"><span style=\"color: #998c6d;\">L\u00b4espace SHOOTING \u2022 STUDIO\u00a0\u2022 Fotolounge \u2022 Ordering Room<\/span><\/div>\n<div class=\"n j-text\" style=\"text-align: center;\"><\/div>\n<div class=\"n j-text\" style=\"text-align: center;\"><\/div>\n<div class=\"n j-text\" style=\"text-align: center;\">Auf dieser Seite wird\u00a0Ihr euch einen kleinen Einblick in mein Fotostudio schaffen. Lasst euch verzaubern.<\/div>\n<div class=\"n j-text\" style=\"text-align: center;\">\n<p>Wenn Ihr euch f\u00fcr ein Neugeborenen-, Baby-, Kinder-, Familien- oder Schwangerschaftsshooting interessiert, dann habt Ihr die M\u00f6glichkeit mich\u00a0\u00fcber\u00a0das Kontaktformular auf meiner Seite zu kontaktieren.<\/p>\n<p>Ich freue mich \u00fcber Eure Nachricht und werde diese so schnell wie m\u00f6glich beantworten!<\/p>\n<p><span style=\"color: #808000;\">\u2666<\/span>\u00a0Studio By *\u00a0. L\u00b4espace Shooting . Ordering Room <span style=\"color: #808000;\">\u2666\u00a0<\/span><\/p>\n<p>&nbsp;<\/p>\n<p style=\"text-align: left;\"><strong>Mein Material:<\/strong><\/p>\n<p style=\"text-align: left;\">F\u00fcr Foto-Shootings und Hochzeitsreportagen verwende ich eine Canon 5D Mark III. Ich bevorzuge die Verwendung von Festbrennweiten wegen\u00a0ihrer Qualit\u00e4t und ihrer au\u00dfergew\u00f6hnliche Helligkeit.<\/p>\n<p style=\"text-align: left;\">Gelegentlich jedoch benutze ich auch hochwertige Zoomobjektive!<\/p>\n<p style=\"text-align: justify;\">Um die wertvollen Momente und die sch\u00f6nsten, liebevollen Bilder aufzunehmen, bevorzuge ich mit nat\u00fcrlichem Licht zu arbeiten.<\/p>\n<p>&nbsp;<\/p>\n<\/div>\n<div class=\"n j-text\" style=\"text-align: center;\"><\/div>\n<div class=\"n j-text\" style=\"text-align: center;\"><\/div>\n","protected":false},"excerpt":{"rendered":"<p>L\u00b4espace SHOOTING \u2022 STUDIO\u00a0\u2022 Fotolounge \u2022 Ordering Room Auf dieser Seite wird\u00a0Ihr euch einen kleinen Einblick in mein Fotostudio schaffen. Lasst euch verzaubern. Wenn Ihr euch f\u00fcr ein Neugeborenen-, Baby-, Kinder-, Familien- oder Schwangerschaftsshooting interessiert, dann habt Ihr die M\u00f6glichkeit mich\u00a0\u00fcber\u00a0das Kontaktformular auf meiner Seite zu kontaktieren. Ich freue mich \u00fcber Eure Nachricht und werde [&hellip;]<\/p>\n","protected":false},"author":1,"featured_media":0,"parent":0,"menu_order":0,"comment_status":"open","ping_status":"open","template":"","meta":[],"_links":{"self":[{"href":"https:\/\/www.geraldinebertram.com\/index.php?rest_route=\/wp\/v2\/pages\/190"}],"collection":[{"href":"https:\/\/www.geraldinebertram.com\/index.php?rest_route=\/wp\/v2\/pages"}],"about":[{"href":"https:\/\/www.geraldinebertram.com\/index.php?rest_route=\/wp\/v2\/types\/page"}],"author":[{"embeddable":true,"href":"https:\/\/www.geraldinebertram.com\/index.php?rest_route=\/wp\/v2\/users\/1"}],"replies":[{"embeddable":true,"href":"https:\/\/www.geraldinebertram.com\/index.php?rest_route=%2Fwp%2Fv2%2Fcomments&post=190"}],"version-history":[{"count":32,"href":"https:\/\/www.geraldinebertram.com\/index.php?rest_route=\/wp\/v2\/pages\/190\/revisions"}],"predecessor-version":[{"id":1842,"href":"https:\/\/www.geraldinebertram.com\/index.php?rest_route=\/wp\/v2\/pages\/190\/revisions\/1842"}],"wp:attachment":[{"href":"https:\/\/www.geraldinebertram.com\/index.php?rest_route=%2Fwp%2Fv2%2Fmedia&parent=190"}],"curies":[{"name":"wp","href":"https:\/\/api.w.org\/{rel}","templated":true}]}}