{"id":233,"date":"2014-09-21T09:13:19","date_gmt":"2014-09-21T09:13:19","guid":{"rendered":"http:\/\/www.geraldinebertram.com\/?page_id=233"},"modified":"2018-08-14T10:21:18","modified_gmt":"2018-08-14T10:21:18","slug":"impressum","status":"publish","type":"page","link":"https:\/\/www.geraldinebertram.com\/?page_id=233","title":{"rendered":"Impressum"},"content":{"rendered":"<p style=\"text-align: justify;\">Herausgeber, Inhaber und Gestalter der Seite:<\/p>\n<p style=\"text-align: justify;\">Fotografie \u00a0<strong>S T U D I O \u00a0BY*\u00a0<\/strong> Geraldine Bertram<\/p>\n<p style=\"text-align: justify;\">mob. | +\u00a049 1718187107<\/p>\n<p style=\"text-align: justify;\">mail \u00a0 | info@geraldinebertram.com<\/p>\n<p style=\"text-align: justify;\"><strong>Copyright<\/strong><\/p>\n<p style=\"text-align: justify;\">Die Rechte aller auf der Website verwendeten Bilder, Grafiken und Texte unterliegen dem Copyright von Geraldine Bertram. Die Verbreitung von Seiteninhalten durch Abdruck oder Einbinden\u00a0in andere Webseiten oder soziale Netzwerke ist nach \u00a717 UrhG ohne meine ausdr\u00fcckliche Genehmigung nicht zul\u00e4ssig.<\/p>\n<p style=\"text-align: justify;\">Die Bilder d\u00fcrfen ohne ausdr\u00fcckliche schriftliche Genehmigung von Geraldine Bertram weder herunter geladen, nachgedruckt, vervielf\u00e4ltigt, in andere Webseiten eingebunden, noch in Archiven, Sammlungen oder anderen Publikationen gleich welcher Art verwendet werden.<\/p>\n<p style=\"text-align: justify;\"><strong>Haftungshinweis<\/strong><\/p>\n<p style=\"text-align: justify;\">Trotz sorgf\u00e4ltiger inhaltlicher Kontrolle \u00fcbernimmt Geraldine Bertram keine Haftung f\u00fcr Inhalte externer Links. F\u00fcr den Inhalt der verlinkten Seiten sind ausschlie\u00dflich deren Betreiber verantwortlich.<\/p>\n","protected":false},"excerpt":{"rendered":"<p>Herausgeber, Inhaber und Gestalter der Seite: Fotografie \u00a0S T U D I O \u00a0BY*\u00a0 Geraldine Bertram mob. | +\u00a049 1718187107 mail \u00a0 | info@geraldinebertram.com Copyright Die Rechte aller auf der Website verwendeten Bilder, Grafiken und Texte unterliegen dem Copyright von Geraldine Bertram. Die Verbreitung von Seiteninhalten durch Abdruck oder Einbinden\u00a0in andere Webseiten oder soziale Netzwerke [&hellip;]<\/p>\n","protected":false},"author":1,"featured_media":0,"parent":0,"menu_order":0,"comment_status":"open","ping_status":"open","template":"","meta":[],"_links":{"self":[{"href":"https:\/\/www.geraldinebertram.com\/index.php?rest_route=\/wp\/v2\/pages\/233"}],"collection":[{"href":"https:\/\/www.geraldinebertram.com\/index.php?rest_route=\/wp\/v2\/pages"}],"about":[{"href":"https:\/\/www.geraldinebertram.com\/index.php?rest_route=\/wp\/v2\/types\/page"}],"author":[{"embeddable":true,"href":"https:\/\/www.geraldinebertram.com\/index.php?rest_route=\/wp\/v2\/users\/1"}],"replies":[{"embeddable":true,"href":"https:\/\/www.geraldinebertram.com\/index.php?rest_route=%2Fwp%2Fv2%2Fcomments&post=233"}],"version-history":[{"count":20,"href":"https:\/\/www.geraldinebertram.com\/index.php?rest_route=\/wp\/v2\/pages\/233\/revisions"}],"predecessor-version":[{"id":2011,"href":"https:\/\/www.geraldinebertram.com\/index.php?rest_route=\/wp\/v2\/pages\/233\/revisions\/2011"}],"wp:attachment":[{"href":"https:\/\/www.geraldinebertram.com\/index.php?rest_route=%2Fwp%2Fv2%2Fmedia&parent=233"}],"curies":[{"name":"wp","href":"https:\/\/api.w.org\/{rel}","templated":true}]}}